{"id":4361,"date":"2023-11-08T09:46:16","date_gmt":"2023-11-08T08:46:16","guid":{"rendered":"https:\/\/www.lamagnetica.com\/?page_id=4361"},"modified":"2024-10-25T14:46:35","modified_gmt":"2024-10-25T13:46:35","slug":"trabaja-con-nosotros","status":"publish","type":"page","link":"https:\/\/www.lamagnetica.com\/es\/trabaja-con-nosotros\/","title":{"rendered":"Trabaja con nosotros"},"content":{"rendered":"\n<div id=\"foto-texto-intro\" class=\"wp-block-group is-layout-constrained wp-container-core-group-is-layout-adf9f7f4 wp-block-group-is-layout-constrained\" style=\"margin-top:var(--wp--preset--spacing--80);margin-bottom:var(--wp--preset--spacing--80)\">\n<div class=\"wp-block-columns is-layout-flex wp-container-core-columns-is-layout-28f84493 wp-block-columns-is-layout-flex\">\n<div class=\"wp-block-column is-layout-flow wp-block-column-is-layout-flow\">\n<figure class=\"wp-block-image alignleft size-full is-resized\"><img loading=\"lazy\" decoding=\"async\" width=\"606\" height=\"392\" src=\"https:\/\/www.lamagnetica.com\/wp-content\/uploads\/2024\/02\/LM-1.png\" alt=\"\" class=\"wp-image-5271\" style=\"width:400px\" srcset=\"https:\/\/www.lamagnetica.com\/wp-content\/uploads\/2024\/02\/LM-1.png 606w, https:\/\/www.lamagnetica.com\/wp-content\/uploads\/2024\/02\/LM-1-300x194.png 300w\" sizes=\"auto, (max-width: 606px) 100vw, 606px\" \/><\/figure>\n\n\n\n<div style=\"height:55px\" aria-hidden=\"true\" class=\"wp-block-spacer\"><\/div>\n<\/div>\n\n\n\n<div class=\"wp-block-column is-layout-flow wp-block-column-is-layout-flow\">\n<h3 class=\"wp-block-heading tit-trabaja\" style=\"font-style:italic;font-weight:800\">trabaja con nosotros<\/h3>\n\n\n\n<p>\u00bfQuieres formar parte de nuestro equipo? En LaMagn\u00e9tica nos gusta el talento. Si quieres trabajar con nosotros puedes contactarnos a trav\u00e9s de nuestro formulario. Cu\u00e9ntanos a qu\u00e9 te dedicas y en qu\u00e9 momento profesional est\u00e1s.&nbsp;Estaremos encantados de conocerte.<\/p>\n\n\n\n<div class=\"wp-block-buttons is-layout-flex wp-block-buttons-is-layout-flex\">\n<div class=\"wp-block-button has-custom-font-size\" style=\"font-size:18px;font-style:normal;font-weight:700\"><a class=\"wp-block-button__link has-black-color has-text-color has-background wp-element-button\" href=\"#formulario\" style=\"border-radius:3px;background-color:#f4d04e\">CONTACTA<\/a><\/div>\n<\/div>\n<\/div>\n<\/div>\n<\/div>\n\n\n\n<div class=\"wp-block-group is-layout-constrained wp-container-core-group-is-layout-704e782a wp-block-group-is-layout-constrained\">\n<div class=\"wp-block-columns is-layout-flex wp-container-core-columns-is-layout-28f84493 wp-block-columns-is-layout-flex\" id=\"fotos\">\n<div class=\"wp-block-column is-layout-flow wp-block-column-is-layout-flow\">\n<div style=\"height:64px\" aria-hidden=\"true\" class=\"wp-block-spacer\"><\/div>\n\n\n\n<figure class=\"wp-block-image size-full is-resized\"><img loading=\"lazy\" decoding=\"async\" width=\"4874\" height=\"2898\" src=\"https:\/\/www.lamagnetica.com\/wp-content\/uploads\/2024\/02\/LM-2.png\" alt=\"\" class=\"wp-image-5267\" style=\"width:548px;height:auto\" srcset=\"https:\/\/www.lamagnetica.com\/wp-content\/uploads\/2024\/02\/LM-2.png 4874w, https:\/\/www.lamagnetica.com\/wp-content\/uploads\/2024\/02\/LM-2-300x178.png 300w, https:\/\/www.lamagnetica.com\/wp-content\/uploads\/2024\/02\/LM-2-1024x609.png 1024w, https:\/\/www.lamagnetica.com\/wp-content\/uploads\/2024\/02\/LM-2-768x457.png 768w, https:\/\/www.lamagnetica.com\/wp-content\/uploads\/2024\/02\/LM-2-1536x913.png 1536w, https:\/\/www.lamagnetica.com\/wp-content\/uploads\/2024\/02\/LM-2-2048x1218.png 2048w, https:\/\/www.lamagnetica.com\/wp-content\/uploads\/2024\/02\/LM-2-740x440.png 740w\" sizes=\"auto, (max-width: 4874px) 100vw, 4874px\" \/><\/figure>\n<\/div>\n\n\n\n<div class=\"wp-block-column is-content-justification-right is-layout-constrained wp-container-core-column-is-layout-f1f2ed93 wp-block-column-is-layout-constrained\">\n<figure class=\"wp-block-image alignright size-full is-resized\"><img loading=\"lazy\" decoding=\"async\" width=\"512\" height=\"341\" src=\"https:\/\/www.lamagnetica.com\/wp-content\/uploads\/2024\/02\/LM-3-1.png\" alt=\"\" class=\"wp-image-5251\" style=\"width:409px;height:auto\" srcset=\"https:\/\/www.lamagnetica.com\/wp-content\/uploads\/2024\/02\/LM-3-1.png 512w, https:\/\/www.lamagnetica.com\/wp-content\/uploads\/2024\/02\/LM-3-1-300x200.png 300w\" sizes=\"auto, (max-width: 512px) 100vw, 512px\" \/><\/figure>\n<\/div>\n<\/div>\n<\/div>\n\n\n\n<div id=\"Fondo-gris\" class=\"wp-block-group bckgray is-layout-constrained wp-block-group-is-layout-constrained\"><\/div>\n\n\n\n<div class=\"wp-block-group alignfull beneficios has-background is-layout-constrained wp-container-core-group-is-layout-9192ce72 wp-block-group-is-layout-constrained\" id=\"beneficios\" style=\"background-color:#f6f6f6;margin-bottom:var(--wp--preset--spacing--80);padding-bottom:var(--wp--preset--spacing--80)\">\n<h2 class=\"wp-block-heading has-text-align-center\" style=\"margin-bottom:var(--wp--preset--spacing--80)\">Beneficios<\/h2>\n\n\n\n<div class=\"wp-block-columns is-layout-flex wp-container-core-columns-is-layout-f0342b05 wp-block-columns-is-layout-flex\" style=\"margin-top:0;margin-bottom:0\">\n<div class=\"wp-block-column has-border-color has-black-border-color is-layout-flow wp-block-column-is-layout-flow\" style=\"border-width:2px;padding-top:var(--wp--preset--spacing--70);padding-right:var(--wp--preset--spacing--70);padding-bottom:var(--wp--preset--spacing--70);padding-left:var(--wp--preset--spacing--70)\">\n<figure class=\"wp-block-image size-full is-resized\"><img loading=\"lazy\" decoding=\"async\" width=\"71\" height=\"71\" src=\"https:\/\/www.lamagnetica.com\/wp-content\/uploads\/2023\/11\/Grupo-21.png\" alt=\"\" class=\"wp-image-4454\" style=\"aspect-ratio:1;object-fit:contain;width:49px;height:auto\"\/><\/figure>\n\n\n\n<h3 class=\"wp-block-heading\" style=\"font-size:26px;font-style:italic;font-weight:700\">Remuneraci\u00f3n<\/h3>\n\n\n\n<ul class=\"wp-block-list\">\n<li>Subidas salariales acordes a evoluci\u00f3n y perfil<\/li>\n\n\n\n<li>Salario flexible: salud y transporte<\/li>\n\n\n\n<li>Flexoh &#8211; cr\u00e9dito adicional <\/li>\n\n\n\n<li>Salario variable<\/li>\n<\/ul>\n<\/div>\n\n\n\n<div class=\"wp-block-column has-border-color has-black-border-color is-layout-flow wp-block-column-is-layout-flow\" style=\"border-width:2px;padding-top:var(--wp--preset--spacing--70);padding-right:var(--wp--preset--spacing--70);padding-bottom:var(--wp--preset--spacing--70);padding-left:var(--wp--preset--spacing--70)\">\n<figure class=\"wp-block-image size-full is-resized\"><img loading=\"lazy\" decoding=\"async\" width=\"69\" height=\"73\" src=\"https:\/\/www.lamagnetica.com\/wp-content\/uploads\/2023\/11\/Grupo-22.png\" alt=\"\" class=\"wp-image-4457\" style=\"aspect-ratio:1;object-fit:contain;width:49px;height:auto\"\/><\/figure>\n\n\n\n<h3 class=\"wp-block-heading\" style=\"font-size:26px;font-style:italic;font-weight:700\">Desarrollo profesional<\/h3>\n\n\n\n<ul class=\"wp-block-list\">\n<li>Formaci\u00f3n: idiomas y otros cursos<\/li>\n\n\n\n<li>Certificaciones Google y Facebook<\/li>\n\n\n\n<li>Partners de LaSalle<\/li>\n\n\n\n<li>Sesiones internas de formaci\u00f3n<\/li>\n<\/ul>\n<\/div>\n\n\n\n<div class=\"wp-block-column has-border-color has-black-border-color is-layout-flow wp-block-column-is-layout-flow\" style=\"border-width:2px;padding-top:var(--wp--preset--spacing--70);padding-right:var(--wp--preset--spacing--70);padding-bottom:var(--wp--preset--spacing--70);padding-left:var(--wp--preset--spacing--70)\">\n<figure class=\"wp-block-image size-full is-resized\"><img loading=\"lazy\" decoding=\"async\" width=\"69\" height=\"72\" src=\"https:\/\/www.lamagnetica.com\/wp-content\/uploads\/2023\/11\/Grupo-20.png\" alt=\"\" class=\"wp-image-4451\" style=\"aspect-ratio:1;object-fit:contain;width:49px;height:auto\"\/><\/figure>\n\n\n\n<h3 class=\"wp-block-heading\" style=\"font-size:26px;font-style:italic;font-weight:700\">Conciliaci\u00f3n<\/h3>\n\n\n\n<ul class=\"wp-block-list\">\n<li>Jornada reducida en verano<\/li>\n\n\n\n<li>Trabajo h\u00edbrido<\/li>\n\n\n\n<li>Horario flexible<\/li>\n\n\n\n<li>Flexibilidad vacaciones<\/li>\n\n\n\n<li>Viernes flexibles<\/li>\n<\/ul>\n<\/div>\n<\/div>\n<\/div>\n\n\n\n<div id=\"Tabla-posiciones\" class=\"wp-block-group is-layout-constrained wp-container-core-group-is-layout-71cd10e9 wp-block-group-is-layout-constrained\" style=\"padding-top:var(--wp--preset--spacing--70);padding-bottom:var(--wp--preset--spacing--70)\">\n<h2 class=\"wp-block-heading has-text-align-center\" style=\"margin-bottom:var(--wp--preset--spacing--80)\">Buscamos talento<\/h2>\n\n\n\n<div class=\"wp-block-columns tbl-posiciones is-layout-flex wp-container-core-columns-is-layout-9a58509f wp-block-columns-is-layout-flex\" style=\"border-top-style:none;border-top-width:0px;border-right-style:none;border-right-width:0px;border-bottom-color:var(--wp--preset--color--black);border-bottom-width:2px;border-left-style:none;border-left-width:0px;padding-top:var(--wp--preset--spacing--30);padding-right:var(--wp--preset--spacing--40);padding-bottom:var(--wp--preset--spacing--30);padding-left:var(--wp--preset--spacing--40)\">\n<div class=\"wp-block-column is-layout-flow wp-block-column-is-layout-flow\" style=\"flex-basis:33.33%\">\n<h3 class=\"wp-block-heading has-text-align-right\" style=\"padding-left:0;font-size:24px;font-style:italic;font-weight:600\">Queremos contar contigo<\/h3>\n<\/div>\n\n\n\n<div class=\"wp-block-column is-vertically-aligned-top is-layout-flow wp-block-column-is-layout-flow\" style=\"flex-basis:66.66%\">\n<p>\u00bfTe gustar\u00eda desarrollar y demostrar tus capacidades en Data &amp; Analytics, SEM, Community Management o redacci\u00f3n de contenidos? Te estamos buscando para potenciar nuestras estrategias digitales. \u00danete a nuestro equipo y desarrolla al m\u00e1ximo tus habilidades.<\/p>\n\n\n\n<p class=\"link-oferta has-black-color has-text-color has-link-color wp-elements-d96ffcc407c1f4a11cdf7ae1417792b2\"><a href=\"#formulario\">Contacta con nosotros<\/a><\/p>\n<\/div>\n<\/div>\n\n\n\n<div style=\"height:180px\" aria-hidden=\"true\" class=\"wp-block-spacer\"><\/div>\n<\/div>\n\n\n\n<div id=\"formulario\" class=\"wp-block-group is-layout-constrained wp-container-core-group-is-layout-704e782a wp-block-group-is-layout-constrained\">\n<div class=\"wp-block-columns is-layout-flex wp-container-core-columns-is-layout-28f84493 wp-block-columns-is-layout-flex\">\n<div class=\"wp-block-column is-layout-flow wp-block-column-is-layout-flow\" style=\"flex-basis:70.66%\">\n<div id=\"contacta\" class=\"wp-block-group titContacta is-layout-constrained wp-block-group-is-layout-constrained\">\n<p class=\"buscamos\" style=\"font-style:italic;font-weight:400\">Buscamos talento<\/p>\n\n\n\n<p style=\"font-style:normal;font-weight:700\">CONTACTA<br><\/p>\n<\/div>\n\n\n\n<div class=\"wp-block-contact-form-7-contact-form-selector\">\n<div class=\"wpcf7 no-js\" id=\"wpcf7-f992-o1\" lang=\"es-ES\" dir=\"ltr\" data-wpcf7-id=\"992\">\n<div class=\"screen-reader-response\"><p role=\"status\" aria-live=\"polite\" aria-atomic=\"true\"><\/p> <ul><\/ul><\/div>\n<form action=\"\/es\/wp-json\/wp\/v2\/pages\/4361#wpcf7-f992-o1\" method=\"post\" class=\"wpcf7-form init\" aria-label=\"Contact form\" enctype=\"multipart\/form-data\" novalidate=\"novalidate\" data-status=\"init\">\n<fieldset class=\"hidden-fields-container\"><input type=\"hidden\" name=\"_wpcf7\" value=\"992\" \/><input type=\"hidden\" name=\"_wpcf7_version\" value=\"6.1.5\" \/><input type=\"hidden\" name=\"_wpcf7_locale\" value=\"es_ES\" \/><input type=\"hidden\" name=\"_wpcf7_unit_tag\" value=\"wpcf7-f992-o1\" \/><input type=\"hidden\" name=\"_wpcf7_container_post\" value=\"0\" \/><input type=\"hidden\" name=\"_wpcf7_posted_data_hash\" value=\"\" \/><input type=\"hidden\" name=\"_wpcf7_recaptcha_response\" value=\"\" \/>\n<\/fieldset>\n<div class=\"form-group\">\n\t<p><span class=\"wpcf7-form-control-wrap\" data-name=\"nom\"><input size=\"40\" maxlength=\"400\" class=\"wpcf7-form-control wpcf7-text wpcf7-validates-as-required\" aria-required=\"true\" aria-invalid=\"false\" placeholder=\"Nombre *\" value=\"\" type=\"text\" name=\"nom\" \/><\/span>\n\t<\/p>\n<\/div>\n<div class=\"form-group\">\n\t<p><span class=\"wpcf7-form-control-wrap\" data-name=\"cognoms\"><input size=\"40\" maxlength=\"400\" class=\"wpcf7-form-control wpcf7-text wpcf7-validates-as-required\" aria-required=\"true\" aria-invalid=\"false\" placeholder=\"Apellidos *\" value=\"\" type=\"text\" name=\"cognoms\" \/><\/span>\n\t<\/p>\n<\/div>\n<div class=\"form-group\">\n\t<p><span class=\"wpcf7-form-control-wrap\" data-name=\"email\"><input size=\"40\" maxlength=\"400\" class=\"wpcf7-form-control wpcf7-email wpcf7-validates-as-required wpcf7-text wpcf7-validates-as-email\" aria-required=\"true\" aria-invalid=\"false\" placeholder=\"Correo electr\u00f3nico *\" value=\"\" type=\"email\" name=\"email\" \/><\/span>\n\t<\/p>\n<\/div>\n<div class=\"form-group\">\n\t<p><span class=\"wpcf7-form-control-wrap\" data-name=\"telefon\"><input size=\"40\" maxlength=\"400\" class=\"wpcf7-form-control wpcf7-text\" aria-invalid=\"false\" placeholder=\"Tel\u00e9fono\" value=\"\" type=\"text\" name=\"telefon\" \/><\/span>\n\t<\/p>\n<\/div>\n<div class=\"form-group\">\n\t<p><span class=\"wpcf7-form-control-wrap\" data-name=\"assumpte\"><input size=\"40\" maxlength=\"400\" class=\"wpcf7-form-control wpcf7-text\" aria-invalid=\"false\" placeholder=\"Asunto\" value=\"\" type=\"text\" name=\"assumpte\" \/><\/span>\n\t<\/p>\n<\/div>\n<div class=\"form-group\">\n\t<p><span class=\"wpcf7-form-control-wrap\" data-name=\"missatge\"><textarea cols=\"40\" rows=\"10\" maxlength=\"2000\" class=\"wpcf7-form-control wpcf7-textarea\" aria-invalid=\"false\" placeholder=\"Mensaje\" name=\"missatge\"><\/textarea><\/span>\n\t<\/p>\n<\/div>\n<div class=\"form-group\">\n\t<p><label>ADJUNTAR BRIEFING \/ CV<\/label><span class=\"wpcf7-form-control-wrap\" data-name=\"cv\"><input size=\"40\" class=\"wpcf7-form-control wpcf7-file\" accept=\".pdf,.txt\" aria-invalid=\"false\" type=\"file\" name=\"cv\" \/><\/span>\n\t<\/p>\n<\/div>\n<div class=\"form-group\">\n\t<p><label><span class=\"wpcf7-form-control-wrap\" data-name=\"acceptance-421\"><span class=\"wpcf7-form-control wpcf7-acceptance\"><span class=\"wpcf7-list-item\"><input type=\"checkbox\" name=\"acceptance-421\" value=\"1\" aria-invalid=\"false\" \/><\/span><\/span><\/span> He le\u00eddo y acepto la <a href=\"\/es\/politica-de-privacidad\/\" target=\"_blank\">Pol\u00edtica de Privacidad y Protecci\u00f3n de datos<\/a><\/label>\n\t<\/p>\n<\/div>\n<p class=\"texto-legal\">COMUNICACI\u00d3N LA MAGNETICA SL tratar\u00e1 mis datos personales con el fin de procesar mi solicitud y enviarme comunicaciones (incluso por medios electr\u00f3nicos) sobre sus actividades, as\u00ed como para cumplir con sus obligaciones legales. La <a href=\"\/es\/politica-de-privacidad\/\" target=\"_blank\">Pol\u00edtica de Privacidad y Protecci\u00f3n de Datos<\/a> indica c\u00f3mo puedo ejercer mis derechos de acceso, rectificaci\u00f3n, supresi\u00f3n, limitaci\u00f3n y oposici\u00f3n.\n<\/p>\n<div class=\"form-actions\">\n\t<p><input class=\"wpcf7-form-control wpcf7-submit has-spinner\" type=\"submit\" value=\"Enviar\" \/>\n\t<\/p>\n<\/div><p style=\"display: none !important;\" class=\"akismet-fields-container\" data-prefix=\"_wpcf7_ak_\"><label>&#916;<textarea name=\"_wpcf7_ak_hp_textarea\" cols=\"45\" rows=\"8\" maxlength=\"100\"><\/textarea><\/label><input type=\"hidden\" id=\"ak_js_1\" name=\"_wpcf7_ak_js\" value=\"181\"\/><script type=\"text\/javascript\">\n\/* <![CDATA[ *\/\ndocument.getElementById( \"ak_js_1\" ).setAttribute( \"value\", ( new Date() ).getTime() );\n\/* ]]> *\/\n<\/script>\n<\/p><div class=\"wpcf7-response-output\" aria-hidden=\"true\"><\/div>\n<\/form>\n<\/div>\n<\/div>\n<\/div>\n\n\n\n<div class=\"wp-block-column is-layout-flow wp-block-column-is-layout-flow\" style=\"flex-basis:33.33%\">\n<figure class=\"wp-block-image size-full foto-form\"><img decoding=\"async\" src=\"https:\/\/www.lamagnetica.com\/wp-content\/uploads\/2024\/02\/LM-4.png\" alt=\"\" class=\"wp-image-5248\"\/><\/figure>\n<\/div>\n<\/div>\n<\/div>\n","protected":false},"excerpt":{"rendered":"<p>trabaja con nosotros \u00bfQuieres formar parte de nuestro equipo? En LaMagn\u00e9tica nos gusta el talento. Si quieres trabajar con nosotros puedes contactarnos a trav\u00e9s de nuestro formulario. Cu\u00e9ntanos a qu\u00e9 te dedicas y en qu\u00e9 momento profesional est\u00e1s.&nbsp;Estaremos encantados de conocerte. Beneficios Remuneraci\u00f3n Desarrollo profesional Conciliaci\u00f3n Buscamos talento Queremos contar contigo \u00bfTe gustar\u00eda desarrollar y&#8230;  <a class=\"excerpt-read-more\" href=\"https:\/\/www.lamagnetica.com\/es\/trabaja-con-nosotros\/\" title=\"Read Trabaja con nosotros\">Leer m\u00e1s &raquo;<\/a><\/p>\n","protected":false},"author":1,"featured_media":0,"parent":0,"menu_order":0,"comment_status":"closed","ping_status":"closed","template":"page-trabaja.php","meta":{"_acf_changed":false,"footnotes":""},"class_list":["post-4361","page","type-page","status-publish","hentry"],"acf":[],"_links":{"self":[{"href":"https:\/\/www.lamagnetica.com\/es\/wp-json\/wp\/v2\/pages\/4361","targetHints":{"allow":["GET"]}}],"collection":[{"href":"https:\/\/www.lamagnetica.com\/es\/wp-json\/wp\/v2\/pages"}],"about":[{"href":"https:\/\/www.lamagnetica.com\/es\/wp-json\/wp\/v2\/types\/page"}],"author":[{"embeddable":true,"href":"https:\/\/www.lamagnetica.com\/es\/wp-json\/wp\/v2\/users\/1"}],"replies":[{"embeddable":true,"href":"https:\/\/www.lamagnetica.com\/es\/wp-json\/wp\/v2\/comments?post=4361"}],"version-history":[{"count":5,"href":"https:\/\/www.lamagnetica.com\/es\/wp-json\/wp\/v2\/pages\/4361\/revisions"}],"predecessor-version":[{"id":5356,"href":"https:\/\/www.lamagnetica.com\/es\/wp-json\/wp\/v2\/pages\/4361\/revisions\/5356"}],"wp:attachment":[{"href":"https:\/\/www.lamagnetica.com\/es\/wp-json\/wp\/v2\/media?parent=4361"}],"curies":[{"name":"wp","href":"https:\/\/api.w.org\/{rel}","templated":true}]}}