{"id":239,"date":"2017-09-01T11:00:43","date_gmt":"2017-09-01T10:00:43","guid":{"rendered":"https:\/\/www.lamagnetica.com\/que-hacemos\/outbound-i-inbound-marketing\/"},"modified":"2018-10-17T07:42:11","modified_gmt":"2018-10-17T07:42:11","slug":"outbound-e-inbound-marketing","status":"publish","type":"page","link":"https:\/\/www.lamagnetica.com\/es\/que-hacemos\/outbound-e-inbound-marketing\/","title":{"rendered":"Outbound e Inbound Marketing"},"content":{"rendered":"<h2><strong>Marketing digital: Outbound e Inbound Marketing<\/strong><\/h2>\n<h2><em>SEO, SEM, Social Ads, plan editorial y creaci\u00f3n de contenidos<\/em><\/h2>\n<p>&nbsp;<\/p>\n<p>Combinamos campa\u00f1as de marketing tradicional con estrategias de Inbound Marketing (SEO, SEM, blogging, redes sociales, etc.). El Inbound Marketing es una metodolog\u00eda no intrusiva que tiene como objetivo entrar en contacto con un cliente al principio de su proceso de compra y acompa\u00f1arle, con el contenido apropiado, en cada una de las etapas de maduraci\u00f3n, hasta la transacci\u00f3n final. De esta forma, maximizamos el n\u00famero de puntos de contacto con la marca.<\/p>\n<p>Con la <strong>metodolog\u00eda Inbound<\/strong> conoceremos mejor tu negocio y a tu cliente, as\u00ed podremos dirigir tu propuesta de valor de manera eficiente. El coste de adquirir nuevos clientes se abarata respecto al marketing tradicional, y se refuerza la construcci\u00f3n de marca.<\/p>\n","protected":false},"excerpt":{"rendered":"<p>Marketing digital: Outbound e Inbound Marketing SEO, SEM, Social Ads, plan editorial y creaci\u00f3n de contenidos &nbsp; Combinamos campa\u00f1as de marketing tradicional con estrategias de Inbound Marketing (SEO, SEM, blogging, redes sociales, etc.). El Inbound Marketing es una metodolog\u00eda no intrusiva que tiene como objetivo entrar en contacto con un cliente al principio de su&#8230;  <a class=\"excerpt-read-more\" href=\"https:\/\/www.lamagnetica.com\/es\/que-hacemos\/outbound-e-inbound-marketing\/\" title=\"Read Outbound e Inbound Marketing\">Leer m\u00e1s &raquo;<\/a><\/p>\n","protected":false},"author":1,"featured_media":4067,"parent":202,"menu_order":3,"comment_status":"closed","ping_status":"closed","template":"page-que-fem.php","meta":{"_acf_changed":false,"footnotes":""},"class_list":["post-239","page","type-page","status-publish","has-post-thumbnail","hentry"],"acf":[],"_links":{"self":[{"href":"https:\/\/www.lamagnetica.com\/es\/wp-json\/wp\/v2\/pages\/239","targetHints":{"allow":["GET"]}}],"collection":[{"href":"https:\/\/www.lamagnetica.com\/es\/wp-json\/wp\/v2\/pages"}],"about":[{"href":"https:\/\/www.lamagnetica.com\/es\/wp-json\/wp\/v2\/types\/page"}],"author":[{"embeddable":true,"href":"https:\/\/www.lamagnetica.com\/es\/wp-json\/wp\/v2\/users\/1"}],"replies":[{"embeddable":true,"href":"https:\/\/www.lamagnetica.com\/es\/wp-json\/wp\/v2\/comments?post=239"}],"version-history":[{"count":5,"href":"https:\/\/www.lamagnetica.com\/es\/wp-json\/wp\/v2\/pages\/239\/revisions"}],"predecessor-version":[{"id":821,"href":"https:\/\/www.lamagnetica.com\/es\/wp-json\/wp\/v2\/pages\/239\/revisions\/821"}],"up":[{"embeddable":true,"href":"https:\/\/www.lamagnetica.com\/es\/wp-json\/wp\/v2\/pages\/202"}],"wp:featuredmedia":[{"embeddable":true,"href":"https:\/\/www.lamagnetica.com\/es\/wp-json\/wp\/v2\/media\/4067"}],"wp:attachment":[{"href":"https:\/\/www.lamagnetica.com\/es\/wp-json\/wp\/v2\/media?parent=239"}],"curies":[{"name":"wp","href":"https:\/\/api.w.org\/{rel}","templated":true}]}}