{"id":213,"date":"2017-09-01T09:00:00","date_gmt":"2017-09-01T08:00:00","guid":{"rendered":"https:\/\/www.lamagnetica.com\/que-hacemos\/de-la-dada-al-coneixement\/"},"modified":"2023-09-04T11:18:43","modified_gmt":"2023-09-04T10:18:43","slug":"estrategia-y-analitica-web","status":"publish","type":"page","link":"https:\/\/www.lamagnetica.com\/es\/que-hacemos\/estrategia-y-analitica-web\/","title":{"rendered":"Estrategia y anal\u00edtica web"},"content":{"rendered":"<h2><strong>Estrategia y anal\u00edtica web<br \/>\n<\/strong><\/h2>\n<h2><em>estrategias de marketing digital basadas en el an\u00e1lisis de datos<\/em><\/h2>\n<p>&nbsp;<\/p>\n<p>Toda estrategia tiene que estar basada en un an\u00e1lisis exhaustivo de la informaci\u00f3n, y debe ir acompa\u00f1ada de unos objetivos cuantificables y de un plan de medici\u00f3n orientado a la toma de decisiones.<\/p>\n<p>Antes de dise\u00f1ar la estrategia, identificamos y analizamos m\u00faltiples fuentes de datos. El objetivo es predecir y optimizar los resultados de tu proyecto o negocio.<\/p>\n<p>&nbsp;<\/p>\n","protected":false},"excerpt":{"rendered":"<p>Estrategia y anal\u00edtica web estrategias de marketing digital basadas en el an\u00e1lisis de datos &nbsp; Toda estrategia tiene que estar basada en un an\u00e1lisis exhaustivo de la informaci\u00f3n, y debe ir acompa\u00f1ada de unos objetivos cuantificables y de un plan de medici\u00f3n orientado a la toma de decisiones. Antes de dise\u00f1ar la estrategia, identificamos y&#8230;  <a class=\"excerpt-read-more\" href=\"https:\/\/www.lamagnetica.com\/es\/que-hacemos\/estrategia-y-analitica-web\/\" title=\"Read Estrategia y anal\u00edtica web\">Leer m\u00e1s &raquo;<\/a><\/p>\n","protected":false},"author":1,"featured_media":4059,"parent":202,"menu_order":2,"comment_status":"closed","ping_status":"closed","template":"page-que-fem.php","meta":{"_acf_changed":false,"footnotes":""},"class_list":["post-213","page","type-page","status-publish","has-post-thumbnail","hentry"],"acf":[],"_links":{"self":[{"href":"https:\/\/www.lamagnetica.com\/es\/wp-json\/wp\/v2\/pages\/213","targetHints":{"allow":["GET"]}}],"collection":[{"href":"https:\/\/www.lamagnetica.com\/es\/wp-json\/wp\/v2\/pages"}],"about":[{"href":"https:\/\/www.lamagnetica.com\/es\/wp-json\/wp\/v2\/types\/page"}],"author":[{"embeddable":true,"href":"https:\/\/www.lamagnetica.com\/es\/wp-json\/wp\/v2\/users\/1"}],"replies":[{"embeddable":true,"href":"https:\/\/www.lamagnetica.com\/es\/wp-json\/wp\/v2\/comments?post=213"}],"version-history":[{"count":4,"href":"https:\/\/www.lamagnetica.com\/es\/wp-json\/wp\/v2\/pages\/213\/revisions"}],"predecessor-version":[{"id":1114,"href":"https:\/\/www.lamagnetica.com\/es\/wp-json\/wp\/v2\/pages\/213\/revisions\/1114"}],"up":[{"embeddable":true,"href":"https:\/\/www.lamagnetica.com\/es\/wp-json\/wp\/v2\/pages\/202"}],"wp:featuredmedia":[{"embeddable":true,"href":"https:\/\/www.lamagnetica.com\/es\/wp-json\/wp\/v2\/media\/4059"}],"wp:attachment":[{"href":"https:\/\/www.lamagnetica.com\/es\/wp-json\/wp\/v2\/media?parent=213"}],"curies":[{"name":"wp","href":"https:\/\/api.w.org\/{rel}","templated":true}]}}