{"id":202,"date":"2017-08-30T10:32:14","date_gmt":"2017-08-30T09:32:14","guid":{"rendered":"https:\/\/www.lamagnetica.com\/que-fem\/"},"modified":"2024-02-29T13:37:40","modified_gmt":"2024-02-29T12:37:40","slug":"que-hacemos","status":"publish","type":"page","link":"https:\/\/www.lamagnetica.com\/es\/que-hacemos\/","title":{"rendered":"Qu\u00e9 hacemos"},"content":{"rendered":"<h2><strong>Transformaci\u00f3n Digital<br \/>\n<\/strong><\/h2>\n<h2><em>digital business y e-commerce<\/em><\/h2>\n<p>&nbsp;<\/p>\n<p>Te acompa\u00f1amos en el <strong>proceso de transformaci\u00f3n digital<\/strong> y en la definici\u00f3n de tu plan de negocio, incorporando la experiencia y la <strong>visi\u00f3n estrat\u00e9gica<\/strong> necesarias para aprovechar las oportunidades que ofrece Internet.<\/p>\n<p>Nuestra misi\u00f3n es ayudarte a integrar los retos del contexto online con una visi\u00f3n cr\u00edtica, alineada con las necesidades de tu negocio y con tus objetivos.<\/p>\n","protected":false},"excerpt":{"rendered":"<p>Transformaci\u00f3n Digital digital business y e-commerce &nbsp; Te acompa\u00f1amos en el proceso de transformaci\u00f3n digital y en la definici\u00f3n de tu plan de negocio, incorporando la experiencia y la visi\u00f3n estrat\u00e9gica necesarias para aprovechar las oportunidades que ofrece Internet. Nuestra misi\u00f3n es ayudarte a integrar los retos del contexto online con una visi\u00f3n cr\u00edtica, alineada&#8230;  <a class=\"excerpt-read-more\" href=\"https:\/\/www.lamagnetica.com\/es\/que-hacemos\/\" title=\"Read Qu\u00e9 hacemos\">Leer m\u00e1s &raquo;<\/a><\/p>\n","protected":false},"author":1,"featured_media":589,"parent":0,"menu_order":0,"comment_status":"closed","ping_status":"closed","template":"page-que-fem.php","meta":{"_acf_changed":false,"footnotes":""},"class_list":["post-202","page","type-page","status-publish","has-post-thumbnail","hentry"],"acf":[],"_links":{"self":[{"href":"https:\/\/www.lamagnetica.com\/es\/wp-json\/wp\/v2\/pages\/202","targetHints":{"allow":["GET"]}}],"collection":[{"href":"https:\/\/www.lamagnetica.com\/es\/wp-json\/wp\/v2\/pages"}],"about":[{"href":"https:\/\/www.lamagnetica.com\/es\/wp-json\/wp\/v2\/types\/page"}],"author":[{"embeddable":true,"href":"https:\/\/www.lamagnetica.com\/es\/wp-json\/wp\/v2\/users\/1"}],"replies":[{"embeddable":true,"href":"https:\/\/www.lamagnetica.com\/es\/wp-json\/wp\/v2\/comments?post=202"}],"version-history":[{"count":5,"href":"https:\/\/www.lamagnetica.com\/es\/wp-json\/wp\/v2\/pages\/202\/revisions"}],"predecessor-version":[{"id":5292,"href":"https:\/\/www.lamagnetica.com\/es\/wp-json\/wp\/v2\/pages\/202\/revisions\/5292"}],"wp:featuredmedia":[{"embeddable":true,"href":"https:\/\/www.lamagnetica.com\/es\/wp-json\/wp\/v2\/media\/589"}],"wp:attachment":[{"href":"https:\/\/www.lamagnetica.com\/es\/wp-json\/wp\/v2\/media?parent=202"}],"curies":[{"name":"wp","href":"https:\/\/api.w.org\/{rel}","templated":true}]}}