{"id":876,"date":"2018-05-30T15:25:02","date_gmt":"2018-05-30T15:25:02","guid":{"rendered":"https:\/\/www.lamagnetica.com\/?page_id=876"},"modified":"2018-07-02T07:21:52","modified_gmt":"2018-07-02T07:21:52","slug":"politica-de-privacitat","status":"publish","type":"page","link":"https:\/\/www.lamagnetica.com\/ca\/politica-de-privacitat\/","title":{"rendered":"Pol\u00edtica de Privacitat"},"content":{"rendered":"<h3>Av\u00eds legal<\/h3>\n<p>L\u2019acc\u00e9s a aquesta web est\u00e0 condicionat a la pr\u00e8via lectura i acceptaci\u00f3 per part de qualsevol usuari dels termes, condicions, comunicacions, advert\u00e8ncies i la resta d\u2019avisos legals continguts en el present plec de cl\u00e0usules.<\/p>\n<p>L\u2019usuari declara ser major d\u2019edat i disposar de la capacitat jur\u00eddica suficient per vincular-se per les presents condicions. Igualment, accepta de forma expressa i sense excepcions que l\u2019acc\u00e9s i la utilitzaci\u00f3 del present lloc web, dels seus serveis i dels continguts d\u2019aquests serveis t\u00e9 lloc sota la seva \u00fanica i exclusiva responsabilitat.<\/p>\n<p>Les dades identificatives del responsable de la present web s\u00f3n els seg\u00fcents: COMUNICACI\u00d3N LA MAGNETICA SL (d\u2019ara endavant LaMagn\u00e9tica) domiciliada a Barcelona, Rambla de Catalunya 43, principal 2a, amb CIF B65123150.<\/p>\n<p>LaMagn\u00e9tica\u00a0no controla ni garanteix l\u2019abs\u00e8ncia de virus ni d\u2019altres elements en els continguts de la present p\u00e0gina WEB que puguin produir alteracions en el sistema inform\u00e0tic (software i hardware) de l\u2019usuari o en els documents electr\u00f2nics i fitxers emmagatzemats en el seu sistema inform\u00e0tic. Aquesta societat s\u2019eximeix de qualsevol responsabilitat pels danys i prejudicis de tota naturalesa que puguin ser deguts a la pres\u00e8ncia de virus en els continguts.<\/p>\n<h3>Privacitat i Protecci\u00f3 de dades<\/h3>\n<p>Amb la informaci\u00f3 que se li proporciona a continuaci\u00f3, LaMagn\u00e9tica vol informar sobre la pol\u00edtica de privacitat que aplica pel que fa a les seves dades personals.<\/p>\n<p><strong>Compliment de la normativa de protecci\u00f3 de dades:<\/strong> LaMagn\u00e9tica compleix tots els requisits establerts per la normativa vigent en mat\u00e8ria de protecci\u00f3 de dades personals, i totes les dades sota la nostra responsabilitat s\u00f3n tractades d&#8217;acord amb les exig\u00e8ncies legals.<\/p>\n<p><strong>Mesures de seguretat:<\/strong> respecte a les dades que ens faciliti, s&#8217;adoptaran les degudes mesures de seguretat tant t\u00e8cniques com organitzatives per tal de garantir-ne la confidencialitat.<\/p>\n<p><strong>Finalitats de les dades:<\/strong> Al lloc web hi ha formularis de contacte que capturen informaci\u00f3 personal. Sol\u00b7licitem les seg\u00fcents dades personals: nom i cognoms, tel\u00e8fon i correu electr\u00f2nic. Fem servir aquestes dades per respondre als sol\u00b7licituds de contacte dels usuaris del web de LaMagn\u00e9tica.<\/p>\n<p>Existeixen altres finalitats per la qual tractem les seves dades personals:<\/p>\n<ol>\n<li>Per a garantir el compliment de les condicions d&#8217;\u00fas i la llei aplicable.<\/li>\n<li>Per donar suport i millorar els serveis que ofereix aquesta web.<\/li>\n<\/ol>\n<p><strong>Temps de retenci\u00f3 de les dades personals.<\/strong> Les dades personals proporcionades es conservaran:<\/p>\n<ul>\n<li>Mentre es mantingui la subscripci\u00f3 a les nostres activitats.<\/li>\n<li>No se sol\u00b7liciti la seva supressi\u00f3 per part de l&#8217;interessat.<\/li>\n<\/ul>\n<p><strong>Com exercitar els teus drets:<\/strong> Pots dirigir una comunicaci\u00f3 al responsable de Protecci\u00f3 de Dades per escrit al domicili social de LaMagn\u00e9tica o a l&#8217;adre\u00e7a de correu electr\u00f2nic dp@lamagnetica.net incloent en ambd\u00f3s casos fotoc\u00f2pia del seu DNI o un altre document identificatiu similar, per sol\u00b7licitar l&#8217;exercici dels drets seg\u00fcents:<\/p>\n<ol>\n<li>Dret a sol\u00b7licitar l&#8217;acc\u00e9s a les dades personals<\/li>\n<li>Dret a sol\u00b7licitar la seva rectificaci\u00f3 (en cas que siguin incorrectes).<\/li>\n<li>Dret a sol\u00b7licitar la limitaci\u00f3 del seu tractament, en el cas \u00fanicament seran conservats per LaMagn\u00e9tica per a l&#8217;exercici o la defensa de reclamacions.<\/li>\n<li>Possibilitat de retirar el consentiment: en el cas que hagis atorgat el consentiment per a alguna finalitat espec\u00edfica, tens dret a retirar-lo en qualsevol moment, sense que aix\u00f2 afecti la licitud del tractament basat en el consentiment previ a la seva retirada.<\/li>\n<li>Com reclamar davant l&#8217;Autoritat de Control: Si consideres que hi ha un problema amb la forma en qu\u00e8 LaMagn\u00e9tica est\u00e0 manejant les teves dades, pots adre\u00e7ar les teves reclamacions a dp@lamagnetica.net o a l&#8217;autoritat de protecci\u00f3 de dades que correspongui, sent la Autoritat Catalana de Protecci\u00f3 de Dades, la indicada en el cas de Catalunya.<\/li>\n<li>Dret a oposar-te al tractament: LaMagn\u00e9tica deixar\u00e0 de tractar les dades en la forma que indiquis, llevat que per motius leg\u00edtims imperiosos o l&#8217;exercici o la defensa de possibles reclamacions s&#8217;hagin de seguir tractant.<\/li>\n<li>Dret a l&#8217;esborrat de les dades: i llevat imperatiu legal s&#8217;esborraran quan ens demanis que aix\u00ed es faci.<\/li>\n<\/ol>\n<p>Abans de facilitar-nos dades personals d&#8217;un tercer haur\u00e0 d&#8217;haver informat a aquest tercer i sol\u00b7licitat el seu consentiment respecte als punts aqu\u00ed exposats.<\/p>\n<p>En facilitar les seves dades entenem que ens autoritza expressament a realitzar el tractament dels mateixos de conformitat amb el descrit m\u00e9s amunt.<\/p>\n<h3>Pol\u00edtica de Cookies<\/h3>\n<p>\u00bfQu\u00e8 s\u00f3n les cookies? Una cookie \u00e9s un arxiu que es descarrega al seu ordinador a l\u2019accedir a determinats llocs web. Les cookies permeten a un web, entre d\u2019altres coses, emmagatzemar i recuperar informaci\u00f3 sobre els h\u00e0bits de navegaci\u00f3 d\u2019un usuari o del seu equip i, depenent de la informaci\u00f3 que continguin i de la forma en qu\u00e8 un usuari faci servir el seu equip, es poden emprar per recon\u00e8ixer a aquest usuari.<\/p>\n<p><strong>Tipus de cookies que fem servir<\/strong><\/p>\n<p>A continuaci\u00f3, s\u2019inclou una descripci\u00f3 de cada categoria de cookies que fem servir:<\/p>\n<p><strong>Cookies pr\u00f2pies<\/strong><\/p>\n<p>Nom:\u00a0_icl_current_language,\u00a0_icl_visitor_lang_js<br \/>\nProp\u00f2sit: Guardar les prefer\u00e8ncies de l&#8217;usuari<br \/>\nExpiraci\u00f3: 1 dia<\/p>\n<p>Nom: euCookie<br \/>\nProp\u00f2sit: Guardar les prefer\u00e8ncies de l&#8217;usuari<br \/>\nExpiraci\u00f3: 30 dies<\/p>\n<p><strong>Estrictament necess\u00e0ries<\/strong><\/p>\n<p>Aquestes s\u00f3n les cookies essencials per a que les p\u00e0gines del web realitzin correctament les seves funcions b\u00e0siques. Inclouen, per exemple, les cookies que serveixen per assegurar una correcta navegaci\u00f3, o aquelles que asseguren que el contingut de la p\u00e0gina es carrega de forma efica\u00e7 pel manteniment peri\u00f2dic, o per garantir a l\u2019usuari el millor servei possible.<\/p>\n<p><strong>Funcionalitat<\/strong><\/p>\n<p>Aquestes cookies es fan servir per emmagatzemar les prefer\u00e8ncies establertes pels usuaris, com nom de compte, llengua i ubicaci\u00f3. No es fan servir per rastrejar visites en webs que no estan allotjats als servidors de LaMagn\u00e9tica.<\/p>\n<p><strong>Rendiment<\/strong><\/p>\n<p>Les cookies de rendiment recopilen informaci\u00f3 sobre com els usuaris interactuen amb els webs de LaMagn\u00e9tica, incloent quines p\u00e0gines son m\u00e9s visitades, aix\u00ed com altres dades anal\u00edtiques.\u00a0Aquests detalls nom\u00e9s es fan servir per millorar el funcionament dels llocs web.<\/p>\n<p><strong>Cookies de Tercers<\/strong><\/p>\n<p>Cookie:\u00a0Google Analytics<br \/>\nNom:\u00a0_gid<br \/>\nProp\u00f2sit:\u00a0Aquestes cookies ens ajuden a entendre i millorar l\u2019experi\u00e8ncia dels nostres usuaris.<br \/>\nExpiraci\u00f3:\u00a024 hores<\/p>\n<p>Cookie:\u00a0Google Analytics<br \/>\nNom:\u00a0_ga<br \/>\nProp\u00f2sit:\u00a0Aquestes cookies ens ajuden a entendre i millorar l\u2019experi\u00e8ncia dels nostres usuaris.<br \/>\nExpiraci\u00f3:\u00a02 anys<\/p>\n<p>Cookie:\u00a0Google Analytics<br \/>\nNom:\u00a0_gat<br \/>\nProp\u00f2sit:\u00a0Aquestes cookies ens ajuden a entendre i millorar l\u2019experi\u00e8ncia dels nostres usuaris.<br \/>\nExpiraci\u00f3:\u00a01 minut<\/p>\n<p>Cookie: Google Tag Manager<br \/>\nNom:\u200b gtm_auth,\u00a0gtm_debug, gtm_preview<br \/>\nProp\u00f2sit:\u00a0Soluci\u00f3 t\u00e8cnica per gestionar els scripts de seguiment d eles p\u00e0gines.<br \/>\nExpiraci\u00f3:\u00a0En el moment de tancar navegador<\/p>\n<p>Cookie: Facebook Pixel<br \/>\nNom:\u200b<br \/>\nProp\u00f2sit: Seguiment de conversions i remarketing.<br \/>\nExpiraci\u00f3:<\/p>\n<p><strong>Publicitat \/ Seguiment<\/strong><\/p>\n<p>Aquestes cookies es fan servir per rastrejar el volum de visitants, realitzar un seguiment dels detalls de les visites web. Com ara el nombre de visitants \u00fanics, o el nombre de vegades que s\u2019ha vist un determinat contingut. Aquests s\u00f3n establerts per xarxes autom\u00e0tiques de tercers de confian\u00e7a i, en general, s\u00f3n de naturalesa persistent.<\/p>\n<p><strong>Contingut de tercers \/ incrustat<\/strong><\/p>\n<p>Les p\u00e0gines del nostre lloc web podran fer servir diferents aplicacions i serveis de tercers per millorar l\u2019experi\u00e8ncia dels visitants del lloc web.\u00a0Entre ells, plataformes de xarxes socials com ara Facebook, Twitter i Instagram (a trav\u00e9s de l\u2019\u00fas\u00a0 de botons per compartir), o contingut integrat de Youtube.\u00a0Com a resultat, les cookies poden ser establertes per aquests tercers i emprades per ells per rastrejar l\u2019activitat en l\u00ednia dels visitants del nostre web.\u00a0No tenim control directe sobre la informaci\u00f3 recopilada per aquestes cookies.<\/p>\n<p>Fem servir Google Analytics per analitzar l\u2019\u00fas del nostre lloc web. Google Analytics recopila informaci\u00f3 d\u2019\u00fas a trav\u00e9s de cookies. La informaci\u00f3 recopilada es fa servir per elaborar informes sobre l\u2019\u00fas del web.<\/p>\n<p>Pol\u00edtica de Privacitat de Google: <a href=\"https:\/\/www.google.com\/policies\/privacy\/\">https:\/\/www.google.com\/policies\/privacy\/<\/a>.<\/p>\n<p>Pots veure, eliminar o afegir categories d\u2019inter\u00e8s associades amb el teu navegador a: <a href=\"https:\/\/adssettings.google.com\">https:\/\/adssettings.google.com<\/a>. Tamb\u00e9 pots rebutjar l\u2019\u00fas (exclusi\u00f3 volunt\u00e0ria) de cookies dels partners de Google Adsense aplicant aquesta configuraci\u00f3, o fent servir el mecanisme d\u2019exclusi\u00f3 del NAI (Network Advertising Initiative):<br \/>\n<a href=\"http:\/\/optout.networkadvertising.org\">http:\/\/optout.networkadvertising.org<\/a>.<\/p>\n<p><strong>Informaci\u00f3 sobre Pol\u00edticas de Cookies de tercers<\/strong><\/p>\n<p>Google: <a href=\"https:\/\/policies.google.com\/technologies\/cookies\">https:\/\/policies.google.com\/technologies\/cookies<\/a><br \/>\nLinkedIn: <a href=\"https:\/\/www.linkedin.com\/legal\/cookie-policy\">https:\/\/www.linkedin.com\/legal\/cookie-policy<\/a><br \/>\nFacebook: <a href=\"https:\/\/www.facebook.com\/policies\/cookies\/\">https:\/\/www.facebook.com\/policies\/cookies\/<\/a><br \/>\nYoutube: <a href=\"https:\/\/www.youtube.com\/intl\/es\/yt\/about\/policies\">https:\/\/www.youtube.com\/intl\/es\/yt\/about\/policies<\/a><\/p>\n<p><strong>Control de les cookies<\/strong><\/p>\n<p>Els visitants poden voler restringir l\u2019\u00fas de cookies o evitar per complet el seu establiment.\u00a0La majoria dels navegadors ofereixen formes de controlar el comportament de les cookies, com el temps durant el qual estan emmagatzemades, ja sigui a trav\u00e9s de la funcionalitat integrada o mitjan\u00e7ant l\u2019\u00fas de complements de tercers.<\/p>\n<p>Pots permetre, bloquejar o eliminar les cookies instal\u00b7lades al teu equip mitjan\u00e7ant la configuraci\u00f3 de les opcions del navegador al teu ordenador.<\/p>\n<p>Per a m\u00e9s informaci\u00f3 sobre\u00a0Internet Explorer,\u00a0<a href=\"https:\/\/support.microsoft.com\/es-es\/help\/17442\/windows-internet-explorer-delete-manage-cookies\">clica aqu\u00ed<\/a>.<br \/>\nPer a m\u00e9s informaci\u00f3 sobre\u00a0Chrome,\u00a0<a href=\"https:\/\/support.google.com\/chrome\/answer\/95647?hl=es\">clica aqu\u00ed<\/a>.<br \/>\nPer a m\u00e9s informaci\u00f3 sobre\u00a0Safari,\u00a0<a href=\"http:\/\/support.apple.com\/kb\/HT1677?viewlocale=es_ES&amp;locale=es_ES\">clica aqu\u00ed<\/a>.<br \/>\nPer a m\u00e9s informaci\u00f3 sobre\u00a0Firefox,\u00a0<a href=\"https:\/\/support.mozilla.org\/es\/kb\/habilitar-y-deshabilitar-cookies-que-los-sitios-we\">clica aqu\u00ed<\/a>.<\/p>\n<p>Per obtenir m\u00e9s informaci\u00f3 sobre com administrar i eliminar cookies, visita\u00a0<a href=\"http:\/\/aboutcookies.org\/\">aboutcookies.org<\/a>\u00a0.\u00a0Per obtenir m\u00e9s detalls sobre les cookies publicit\u00e0ries i sobre com administrar-les, visita\u00a0<a href=\"http:\/\/www.youronlinechoices.eu\/\">youronlinechoices.eu<\/a>\u00a0\u00a0(UE) o\u00a0<a href=\"http:\/\/www.aboutads.info\/choices\/\">aboutads.info<\/a>\u00a0\u00a0(EE. UU.).<\/p>\n<p>&nbsp;<\/p>\n<p>&nbsp;<\/p>\n<p>&nbsp;<\/p>\n<p>&nbsp;<\/p>\n<p>&nbsp;<\/p>\n<p>&nbsp;<\/p>\n","protected":false},"excerpt":{"rendered":"<p>Av\u00eds legal L\u2019acc\u00e9s a aquesta web est\u00e0 condicionat a la pr\u00e8via lectura i acceptaci\u00f3 per part de qualsevol usuari dels termes, condicions, comunicacions, advert\u00e8ncies i la resta d\u2019avisos legals continguts en el present plec de cl\u00e0usules. L\u2019usuari declara ser major d\u2019edat i disposar de la capacitat jur\u00eddica suficient per vincular-se per les presents condicions. Igualment,&#8230;  <a class=\"excerpt-read-more\" href=\"https:\/\/www.lamagnetica.com\/ca\/politica-de-privacitat\/\" title=\"Read Pol\u00edtica de Privacitat\">Read more &raquo;<\/a><\/p>\n","protected":false},"author":1,"featured_media":0,"parent":0,"menu_order":0,"comment_status":"closed","ping_status":"closed","template":"","meta":{"_acf_changed":false,"footnotes":""},"class_list":["post-876","page","type-page","status-publish","hentry"],"acf":[],"_links":{"self":[{"href":"https:\/\/www.lamagnetica.com\/ca\/wp-json\/wp\/v2\/pages\/876","targetHints":{"allow":["GET"]}}],"collection":[{"href":"https:\/\/www.lamagnetica.com\/ca\/wp-json\/wp\/v2\/pages"}],"about":[{"href":"https:\/\/www.lamagnetica.com\/ca\/wp-json\/wp\/v2\/types\/page"}],"author":[{"embeddable":true,"href":"https:\/\/www.lamagnetica.com\/ca\/wp-json\/wp\/v2\/users\/1"}],"replies":[{"embeddable":true,"href":"https:\/\/www.lamagnetica.com\/ca\/wp-json\/wp\/v2\/comments?post=876"}],"version-history":[{"count":5,"href":"https:\/\/www.lamagnetica.com\/ca\/wp-json\/wp\/v2\/pages\/876\/revisions"}],"predecessor-version":[{"id":997,"href":"https:\/\/www.lamagnetica.com\/ca\/wp-json\/wp\/v2\/pages\/876\/revisions\/997"}],"wp:attachment":[{"href":"https:\/\/www.lamagnetica.com\/ca\/wp-json\/wp\/v2\/media?parent=876"}],"curies":[{"name":"wp","href":"https:\/\/api.w.org\/{rel}","templated":true}]}}