{"id":55,"date":"2017-09-01T11:00:43","date_gmt":"2017-09-01T11:00:43","guid":{"rendered":"https:\/\/www.lamagnetica.com\/?page_id=55"},"modified":"2023-09-04T11:22:45","modified_gmt":"2023-09-04T10:22:45","slug":"outbound-i-inbound-marketing","status":"publish","type":"page","link":"https:\/\/www.lamagnetica.com\/ca\/que-fem\/outbound-i-inbound-marketing\/","title":{"rendered":"Outbound i Inbound M\u00e0rqueting"},"content":{"rendered":"<h2><strong>M\u00e0rqueting digital: Outbound i Inbound M\u00e0rqueting<br \/>\n<\/strong><\/h2>\n<h2><em>SEO, SEM, Social Ads, pla editorial i creaci\u00f3 de continguts<\/em><\/h2>\n<p>&nbsp;<\/p>\n<p>Combinem campanyes de m\u00e0rqueting tradicional amb estrat\u00e8gies d\u2019Inbound M\u00e0rqueting (SEO, SEM, <em>blogging<\/em>, xarxes socials, etc.). L&#8217;Inbound M\u00e0rqueting \u00e9s una metodologia no intrusiva que t\u00e9 com a objectiu entrar en contacte amb un client al principi del seu proc\u00e9s de compra i acompanyar-lo, amb el contingut apropiat, en cadascuna de les etapes de maduraci\u00f3, fins a la transacci\u00f3 final. D&#8217;aquesta manera, maximitzem el nombre de punts de contacte amb la marca.<\/p>\n<p>Amb la <strong>metodologia Inbound<\/strong> coneixerem millor el teu negoci i al teu client, aix\u00ed podrem dirigir la teva proposta de valor de manera eficient. El cost d&#8217;adquirir nous clients s&#8217;abarateix respecte al m\u00e0rqueting tradicional i es refor\u00e7a la construcci\u00f3 de marca.<\/p>\n","protected":false},"excerpt":{"rendered":"<p>M\u00e0rqueting digital: Outbound i Inbound M\u00e0rqueting SEO, SEM, Social Ads, pla editorial i creaci\u00f3 de continguts &nbsp; Combinem campanyes de m\u00e0rqueting tradicional amb estrat\u00e8gies d\u2019Inbound M\u00e0rqueting (SEO, SEM, blogging, xarxes socials, etc.). L&#8217;Inbound M\u00e0rqueting \u00e9s una metodologia no intrusiva que t\u00e9 com a objectiu entrar en contacte amb un client al principi del seu proc\u00e9s&#8230;  <a class=\"excerpt-read-more\" href=\"https:\/\/www.lamagnetica.com\/ca\/que-fem\/outbound-i-inbound-marketing\/\" title=\"Read Outbound i Inbound M\u00e0rqueting\">Read more &raquo;<\/a><\/p>\n","protected":false},"author":1,"featured_media":4065,"parent":7,"menu_order":3,"comment_status":"closed","ping_status":"closed","template":"page-que-fem.php","meta":{"_acf_changed":false,"footnotes":""},"class_list":["post-55","page","type-page","status-publish","has-post-thumbnail","hentry"],"acf":[],"_links":{"self":[{"href":"https:\/\/www.lamagnetica.com\/ca\/wp-json\/wp\/v2\/pages\/55","targetHints":{"allow":["GET"]}}],"collection":[{"href":"https:\/\/www.lamagnetica.com\/ca\/wp-json\/wp\/v2\/pages"}],"about":[{"href":"https:\/\/www.lamagnetica.com\/ca\/wp-json\/wp\/v2\/types\/page"}],"author":[{"embeddable":true,"href":"https:\/\/www.lamagnetica.com\/ca\/wp-json\/wp\/v2\/users\/1"}],"replies":[{"embeddable":true,"href":"https:\/\/www.lamagnetica.com\/ca\/wp-json\/wp\/v2\/comments?post=55"}],"version-history":[{"count":4,"href":"https:\/\/www.lamagnetica.com\/ca\/wp-json\/wp\/v2\/pages\/55\/revisions"}],"predecessor-version":[{"id":872,"href":"https:\/\/www.lamagnetica.com\/ca\/wp-json\/wp\/v2\/pages\/55\/revisions\/872"}],"up":[{"embeddable":true,"href":"https:\/\/www.lamagnetica.com\/ca\/wp-json\/wp\/v2\/pages\/7"}],"wp:featuredmedia":[{"embeddable":true,"href":"https:\/\/www.lamagnetica.com\/ca\/wp-json\/wp\/v2\/media\/4065"}],"wp:attachment":[{"href":"https:\/\/www.lamagnetica.com\/ca\/wp-json\/wp\/v2\/media?parent=55"}],"curies":[{"name":"wp","href":"https:\/\/api.w.org\/{rel}","templated":true}]}}