{"id":53,"date":"2017-09-01T09:00:00","date_gmt":"2017-09-01T09:00:00","guid":{"rendered":"https:\/\/www.lamagnetica.com\/?page_id=53"},"modified":"2023-09-04T11:20:16","modified_gmt":"2023-09-04T10:20:16","slug":"de-la-dada-al-coneixement","status":"publish","type":"page","link":"https:\/\/www.lamagnetica.com\/ca\/que-fem\/de-la-dada-al-coneixement\/","title":{"rendered":"Estrat\u00e8gia i anal\u00edtica web"},"content":{"rendered":"<h2><strong>Estrat\u00e8gia i anal\u00edtica web<br \/>\n<\/strong><\/h2>\n<h2><em>estrat\u00e8gies de m\u00e0rqueting digital basades en l&#8217;an\u00e0lisi de dades<\/em><\/h2>\n<p>&nbsp;<\/p>\n<p>Tota estrat\u00e8gia ha d&#8217;estar basada en una an\u00e0lisi exhaustiva de la informaci\u00f3, i ha d&#8217;anar acompanyada d&#8217;uns objectius quantificables i d&#8217;un pla de mesurament orientat a la presa de decisions.<\/p>\n<p>Abans de dissenyar l&#8217;estrat\u00e8gia, identifiquem i analitzem m\u00faltiples fonts de dades. L&#8217;objectiu \u00e9s predir i optimitzar els resultats del teu projecte o negoci.<\/p>\n<p>&nbsp;<\/p>\n","protected":false},"excerpt":{"rendered":"<p>Estrat\u00e8gia i anal\u00edtica web estrat\u00e8gies de m\u00e0rqueting digital basades en l&#8217;an\u00e0lisi de dades &nbsp; Tota estrat\u00e8gia ha d&#8217;estar basada en una an\u00e0lisi exhaustiva de la informaci\u00f3, i ha d&#8217;anar acompanyada d&#8217;uns objectius quantificables i d&#8217;un pla de mesurament orientat a la presa de decisions. Abans de dissenyar l&#8217;estrat\u00e8gia, identifiquem i analitzem m\u00faltiples fonts de dades&#8230;.  <a class=\"excerpt-read-more\" href=\"https:\/\/www.lamagnetica.com\/ca\/que-fem\/de-la-dada-al-coneixement\/\" title=\"Read Estrat\u00e8gia i anal\u00edtica web\">Read more &raquo;<\/a><\/p>\n","protected":false},"author":1,"featured_media":4062,"parent":7,"menu_order":2,"comment_status":"closed","ping_status":"closed","template":"page-que-fem.php","meta":{"_acf_changed":false,"footnotes":""},"class_list":["post-53","page","type-page","status-publish","has-post-thumbnail","hentry"],"acf":[],"_links":{"self":[{"href":"https:\/\/www.lamagnetica.com\/ca\/wp-json\/wp\/v2\/pages\/53","targetHints":{"allow":["GET"]}}],"collection":[{"href":"https:\/\/www.lamagnetica.com\/ca\/wp-json\/wp\/v2\/pages"}],"about":[{"href":"https:\/\/www.lamagnetica.com\/ca\/wp-json\/wp\/v2\/types\/page"}],"author":[{"embeddable":true,"href":"https:\/\/www.lamagnetica.com\/ca\/wp-json\/wp\/v2\/users\/1"}],"replies":[{"embeddable":true,"href":"https:\/\/www.lamagnetica.com\/ca\/wp-json\/wp\/v2\/comments?post=53"}],"version-history":[{"count":4,"href":"https:\/\/www.lamagnetica.com\/ca\/wp-json\/wp\/v2\/pages\/53\/revisions"}],"predecessor-version":[{"id":1115,"href":"https:\/\/www.lamagnetica.com\/ca\/wp-json\/wp\/v2\/pages\/53\/revisions\/1115"}],"up":[{"embeddable":true,"href":"https:\/\/www.lamagnetica.com\/ca\/wp-json\/wp\/v2\/pages\/7"}],"wp:featuredmedia":[{"embeddable":true,"href":"https:\/\/www.lamagnetica.com\/ca\/wp-json\/wp\/v2\/media\/4062"}],"wp:attachment":[{"href":"https:\/\/www.lamagnetica.com\/ca\/wp-json\/wp\/v2\/media?parent=53"}],"curies":[{"name":"wp","href":"https:\/\/api.w.org\/{rel}","templated":true}]}}