{"id":51,"date":"2017-09-01T10:00:36","date_gmt":"2017-09-01T10:00:36","guid":{"rendered":"https:\/\/www.lamagnetica.com\/?page_id=51"},"modified":"2023-09-04T11:13:29","modified_gmt":"2023-09-04T10:13:29","slug":"transformacio-digital","status":"publish","type":"page","link":"https:\/\/www.lamagnetica.com\/ca\/que-fem\/transformacio-digital\/","title":{"rendered":"Transformaci\u00f3 digital"},"content":{"rendered":"<h2><strong>Transformaci\u00f3 digital<\/strong><\/h2>\n<h2><em>digital business i comer\u00e7 electr\u00f2nic<br \/>\n<\/em><\/h2>\n<p>&nbsp;<\/p>\n<p>T\u2019acompanyem en el <strong>proc\u00e9s de transformaci\u00f3 digital<\/strong> i en la definici\u00f3 del teu pla de negoci, incorporant l&#8217;experi\u00e8ncia i la <strong>visi\u00f3 estrat\u00e8gica<\/strong> necess\u00e0ries per aprofitar les oportunitats que ofereix Internet.<\/p>\n<p>La nostra missi\u00f3 \u00e9s ajudar-te a integrar els reptes del context en l\u00ednia amb una visi\u00f3 cr\u00edtica, alineada amb les necessitats del teu negoci i amb els teus objectius.<\/p>\n<p>&nbsp;<\/p>\n","protected":false},"excerpt":{"rendered":"<p>Transformaci\u00f3 digital digital business i comer\u00e7 electr\u00f2nic &nbsp; T\u2019acompanyem en el proc\u00e9s de transformaci\u00f3 digital i en la definici\u00f3 del teu pla de negoci, incorporant l&#8217;experi\u00e8ncia i la visi\u00f3 estrat\u00e8gica necess\u00e0ries per aprofitar les oportunitats que ofereix Internet. La nostra missi\u00f3 \u00e9s ajudar-te a integrar els reptes del context en l\u00ednia amb una visi\u00f3 cr\u00edtica,&#8230;  <a class=\"excerpt-read-more\" href=\"https:\/\/www.lamagnetica.com\/ca\/que-fem\/transformacio-digital\/\" title=\"Read Transformaci\u00f3 digital\">Read more &raquo;<\/a><\/p>\n","protected":false},"author":1,"featured_media":4056,"parent":7,"menu_order":1,"comment_status":"closed","ping_status":"closed","template":"page-que-fem.php","meta":{"_acf_changed":false,"footnotes":""},"class_list":["post-51","page","type-page","status-publish","has-post-thumbnail","hentry"],"acf":[],"_links":{"self":[{"href":"https:\/\/www.lamagnetica.com\/ca\/wp-json\/wp\/v2\/pages\/51","targetHints":{"allow":["GET"]}}],"collection":[{"href":"https:\/\/www.lamagnetica.com\/ca\/wp-json\/wp\/v2\/pages"}],"about":[{"href":"https:\/\/www.lamagnetica.com\/ca\/wp-json\/wp\/v2\/types\/page"}],"author":[{"embeddable":true,"href":"https:\/\/www.lamagnetica.com\/ca\/wp-json\/wp\/v2\/users\/1"}],"replies":[{"embeddable":true,"href":"https:\/\/www.lamagnetica.com\/ca\/wp-json\/wp\/v2\/comments?post=51"}],"version-history":[{"count":5,"href":"https:\/\/www.lamagnetica.com\/ca\/wp-json\/wp\/v2\/pages\/51\/revisions"}],"predecessor-version":[{"id":826,"href":"https:\/\/www.lamagnetica.com\/ca\/wp-json\/wp\/v2\/pages\/51\/revisions\/826"}],"up":[{"embeddable":true,"href":"https:\/\/www.lamagnetica.com\/ca\/wp-json\/wp\/v2\/pages\/7"}],"wp:featuredmedia":[{"embeddable":true,"href":"https:\/\/www.lamagnetica.com\/ca\/wp-json\/wp\/v2\/media\/4056"}],"wp:attachment":[{"href":"https:\/\/www.lamagnetica.com\/ca\/wp-json\/wp\/v2\/media?parent=51"}],"curies":[{"name":"wp","href":"https:\/\/api.w.org\/{rel}","templated":true}]}}