{"id":4931,"date":"2023-11-08T09:46:16","date_gmt":"2023-11-08T08:46:16","guid":{"rendered":"https:\/\/www.lamagnetica.com\/trabaja-con-nosotros\/"},"modified":"2024-10-25T14:45:33","modified_gmt":"2024-10-25T13:45:33","slug":"treballa-amb-nosaltres","status":"publish","type":"page","link":"https:\/\/www.lamagnetica.com\/ca\/treballa-amb-nosaltres\/","title":{"rendered":"Treballa amb nosaltres"},"content":{"rendered":"\n<div id=\"foto-texto-intro\" class=\"wp-block-group is-layout-constrained wp-container-core-group-is-layout-adf9f7f4 wp-block-group-is-layout-constrained\" style=\"margin-top:var(--wp--preset--spacing--80);margin-bottom:var(--wp--preset--spacing--80)\">\n<div class=\"wp-block-columns is-layout-flex wp-container-core-columns-is-layout-28f84493 wp-block-columns-is-layout-flex\">\n<div class=\"wp-block-column is-layout-flow wp-block-column-is-layout-flow\">\n<figure class=\"wp-block-image alignleft size-full is-resized\"><img loading=\"lazy\" decoding=\"async\" width=\"606\" height=\"392\" src=\"https:\/\/www.lamagnetica.com\/wp-content\/uploads\/2023\/11\/LM-1.png\" alt=\"\" class=\"wp-image-4634\" style=\"width:400px\" srcset=\"https:\/\/www.lamagnetica.com\/wp-content\/uploads\/2023\/11\/LM-1.png 606w, https:\/\/www.lamagnetica.com\/wp-content\/uploads\/2023\/11\/LM-1-300x194.png 300w\" sizes=\"auto, (max-width: 606px) 100vw, 606px\" \/><\/figure>\n\n\n\n<div style=\"height:55px\" aria-hidden=\"true\" class=\"wp-block-spacer\"><\/div>\n<\/div>\n\n\n\n<div class=\"wp-block-column is-layout-flow wp-block-column-is-layout-flow\">\n<h3 class=\"wp-block-heading tit-trabaja\" style=\"font-style:italic;font-weight:800\">treballa amb nosaltres<\/h3>\n\n\n\n<p>Vols treballar amb nosaltres? A LaMagn\u00e9tica ens agrada el talent. Si vols formar part del nostre equip pots contactar amb nosaltres a trav\u00e9s del nostre formulari. Explica\u2019ns a qu\u00e8 et dediques i en quin moment professional est\u00e0s. Estarem encantats de con\u00e8ixer-te.<\/p>\n\n\n\n<div class=\"wp-block-buttons is-layout-flex wp-block-buttons-is-layout-flex\">\n<div class=\"wp-block-button has-custom-font-size\" style=\"font-size:18px;font-style:normal;font-weight:700\"><a class=\"wp-block-button__link has-black-color has-text-color has-background wp-element-button\" href=\"#formulario\" style=\"border-radius:3px;background-color:#f4d04e\">CONTACTA<\/a><\/div>\n<\/div>\n<\/div>\n<\/div>\n<\/div>\n\n\n\n<div class=\"wp-block-group is-layout-constrained wp-container-core-group-is-layout-704e782a wp-block-group-is-layout-constrained\">\n<div class=\"wp-block-columns is-layout-flex wp-container-core-columns-is-layout-28f84493 wp-block-columns-is-layout-flex\" id=\"fotos\">\n<div class=\"wp-block-column is-layout-flow wp-block-column-is-layout-flow\">\n<div style=\"height:64px\" aria-hidden=\"true\" class=\"wp-block-spacer\"><\/div>\n\n\n\n<figure class=\"wp-block-image size-full is-resized\"><img loading=\"lazy\" decoding=\"async\" width=\"4874\" height=\"2898\" src=\"https:\/\/www.lamagnetica.com\/wp-content\/uploads\/2023\/11\/LM-2.png\" alt=\"\" class=\"wp-image-4654\" style=\"width:548px;height:auto\" srcset=\"https:\/\/www.lamagnetica.com\/wp-content\/uploads\/2023\/11\/LM-2.png 4874w, https:\/\/www.lamagnetica.com\/wp-content\/uploads\/2023\/11\/LM-2-300x178.png 300w, https:\/\/www.lamagnetica.com\/wp-content\/uploads\/2023\/11\/LM-2-1024x609.png 1024w, https:\/\/www.lamagnetica.com\/wp-content\/uploads\/2023\/11\/LM-2-768x457.png 768w, https:\/\/www.lamagnetica.com\/wp-content\/uploads\/2023\/11\/LM-2-1536x913.png 1536w, https:\/\/www.lamagnetica.com\/wp-content\/uploads\/2023\/11\/LM-2-2048x1218.png 2048w, https:\/\/www.lamagnetica.com\/wp-content\/uploads\/2023\/11\/LM-2-740x440.png 740w\" sizes=\"auto, (max-width: 4874px) 100vw, 4874px\" \/><\/figure>\n<\/div>\n\n\n\n<div class=\"wp-block-column is-content-justification-right is-layout-constrained wp-container-core-column-is-layout-f1f2ed93 wp-block-column-is-layout-constrained\">\n<figure class=\"wp-block-image alignright size-full is-resized\"><img decoding=\"async\" src=\"https:\/\/www.lamagnetica.com\/wp-content\/uploads\/2023\/11\/LM-3-1.png\" alt=\"\" class=\"wp-image-4649\" style=\"width:409px;height:auto\"\/><\/figure>\n<\/div>\n<\/div>\n<\/div>\n\n\n\n<div id=\"Fondo-gris\" class=\"wp-block-group bckgray is-layout-constrained wp-block-group-is-layout-constrained\"><\/div>\n\n\n\n<div class=\"wp-block-group alignfull beneficios has-background is-layout-constrained wp-container-core-group-is-layout-9192ce72 wp-block-group-is-layout-constrained\" id=\"beneficios\" style=\"background-color:#f6f6f6;margin-bottom:var(--wp--preset--spacing--80);padding-bottom:var(--wp--preset--spacing--80)\">\n<h2 class=\"wp-block-heading has-text-align-center\" style=\"margin-bottom:var(--wp--preset--spacing--80)\">Beneficis<\/h2>\n\n\n\n<div class=\"wp-block-columns is-layout-flex wp-container-core-columns-is-layout-f0342b05 wp-block-columns-is-layout-flex\" style=\"margin-top:0;margin-bottom:0\">\n<div class=\"wp-block-column has-border-color has-black-border-color is-layout-flow wp-block-column-is-layout-flow\" style=\"border-width:2px;padding-top:var(--wp--preset--spacing--70);padding-right:var(--wp--preset--spacing--70);padding-bottom:var(--wp--preset--spacing--70);padding-left:var(--wp--preset--spacing--70)\">\n<figure class=\"wp-block-image size-full is-resized\"><img loading=\"lazy\" decoding=\"async\" width=\"71\" height=\"71\" src=\"https:\/\/www.lamagnetica.com\/wp-content\/uploads\/2023\/11\/Grupo-21.png\" alt=\"\" class=\"wp-image-4454\" style=\"aspect-ratio:1;object-fit:contain;width:49px;height:auto\"\/><\/figure>\n\n\n\n<h3 class=\"wp-block-heading\" style=\"font-size:26px;font-style:italic;font-weight:700\">Remuneraci\u00f3<\/h3>\n\n\n\n<ul class=\"wp-block-list\">\n<li>Pujades salarials coincidents amb evoluci\u00f3 i perfil<\/li>\n\n\n\n<li>Salari flexible: salut i transport<\/li>\n\n\n\n<li>Flexoh \u2013 cr\u00e8dit addicional <\/li>\n\n\n\n<li>Salari variable<\/li>\n<\/ul>\n<\/div>\n\n\n\n<div class=\"wp-block-column has-border-color has-black-border-color is-layout-flow wp-block-column-is-layout-flow\" style=\"border-width:2px;padding-top:var(--wp--preset--spacing--70);padding-right:var(--wp--preset--spacing--70);padding-bottom:var(--wp--preset--spacing--70);padding-left:var(--wp--preset--spacing--70)\">\n<figure class=\"wp-block-image size-full is-resized\"><img loading=\"lazy\" decoding=\"async\" width=\"69\" height=\"73\" src=\"https:\/\/www.lamagnetica.com\/wp-content\/uploads\/2023\/11\/Grupo-22.png\" alt=\"\" class=\"wp-image-4457\" style=\"aspect-ratio:1;object-fit:contain;width:49px;height:auto\"\/><\/figure>\n\n\n\n<h3 class=\"wp-block-heading\" style=\"font-size:26px;font-style:italic;font-weight:700\">Desenvolupament professional<\/h3>\n\n\n\n<ul class=\"wp-block-list\">\n<li>Formaci\u00f3: idiomes i altres cursos<\/li>\n\n\n\n<li>Certificacions Google i Facebook<\/li>\n\n\n\n<li>Partners de LaSalle<\/li>\n\n\n\n<li>Sessions internes de formaci\u00f3<\/li>\n<\/ul>\n<\/div>\n\n\n\n<div class=\"wp-block-column has-border-color has-black-border-color is-layout-flow wp-block-column-is-layout-flow\" style=\"border-width:2px;padding-top:var(--wp--preset--spacing--70);padding-right:var(--wp--preset--spacing--70);padding-bottom:var(--wp--preset--spacing--70);padding-left:var(--wp--preset--spacing--70)\">\n<figure class=\"wp-block-image size-full is-resized\"><img loading=\"lazy\" decoding=\"async\" width=\"69\" height=\"72\" src=\"https:\/\/www.lamagnetica.com\/wp-content\/uploads\/2023\/11\/Grupo-20.png\" alt=\"\" class=\"wp-image-4451\" style=\"aspect-ratio:1;object-fit:contain;width:49px;height:auto\"\/><\/figure>\n\n\n\n<h3 class=\"wp-block-heading\" style=\"font-size:26px;font-style:italic;font-weight:700\">Conciliaci\u00f3<\/h3>\n\n\n\n<ul class=\"wp-block-list\">\n<li>Jornada redu\u00efda a l&#8217;estiu<\/li>\n\n\n\n<li>Treball h\u00edbrid<\/li>\n\n\n\n<li>Horari flexible<\/li>\n\n\n\n<li>Flexibilitat vacances<\/li>\n\n\n\n<li>Divendres flexibles<\/li>\n<\/ul>\n<\/div>\n<\/div>\n<\/div>\n\n\n\n<div id=\"Tabla-posiciones\" class=\"wp-block-group is-layout-constrained wp-container-core-group-is-layout-71cd10e9 wp-block-group-is-layout-constrained\" style=\"padding-top:var(--wp--preset--spacing--70);padding-bottom:var(--wp--preset--spacing--70)\">\n<h2 class=\"wp-block-heading has-text-align-center\" style=\"margin-bottom:var(--wp--preset--spacing--80)\"><strong>Busquem talent<\/strong><\/h2>\n\n\n\n<div class=\"wp-block-columns tbl-posiciones is-layout-flex wp-container-core-columns-is-layout-9a58509f wp-block-columns-is-layout-flex\" style=\"border-top-style:none;border-top-width:0px;border-right-style:none;border-right-width:0px;border-bottom-color:var(--wp--preset--color--black);border-bottom-width:2px;border-left-style:none;border-left-width:0px;padding-top:var(--wp--preset--spacing--30);padding-right:var(--wp--preset--spacing--40);padding-bottom:var(--wp--preset--spacing--30);padding-left:var(--wp--preset--spacing--40)\">\n<div class=\"wp-block-column is-layout-flow wp-block-column-is-layout-flow\" style=\"flex-basis:33.33%\">\n<h3 class=\"wp-block-heading has-text-align-right\" style=\"padding-left:0;font-size:24px;font-style:italic;font-weight:600\">Volem comptar amb tu<\/h3>\n<\/div>\n\n\n\n<div class=\"wp-block-column is-vertically-aligned-top is-layout-flow wp-block-column-is-layout-flow\" style=\"flex-basis:66.66%\">\n<p>T&#8217;agradaria desenvolupar i demostrar les teves capacitats en Data &amp; Analytics, SEM, Community Management o redacci\u00f3 de continguts? T&#8217;estem buscant per potenciar les nostres estrat\u00e8gies digitals. Uneix-te al nostre equip i desenvolupa al m\u00e0xim les teves habilitats.<\/p>\n\n\n\n<p class=\"link-oferta has-black-color has-text-color has-link-color wp-elements-4277d18a99a65b2421ec852cdab5d1bd\"><a href=\"#formulario\">Contacta amb nosaltres<\/a><\/p>\n<\/div>\n<\/div>\n\n\n\n<div style=\"height:180px\" aria-hidden=\"true\" class=\"wp-block-spacer\"><\/div>\n<\/div>\n\n\n\n<div id=\"formulario\" class=\"wp-block-group is-layout-constrained wp-container-core-group-is-layout-704e782a wp-block-group-is-layout-constrained\">\n<div class=\"wp-block-columns is-layout-flex wp-container-core-columns-is-layout-28f84493 wp-block-columns-is-layout-flex\">\n<div class=\"wp-block-column is-layout-flow wp-block-column-is-layout-flow\" style=\"flex-basis:70.66%\">\n<div id=\"contacta\" class=\"wp-block-group titContacta is-layout-constrained wp-block-group-is-layout-constrained\">\n<p class=\"buscamos\" style=\"font-style:italic;font-weight:400\">Busquem talent<\/p>\n\n\n\n<p style=\"font-style:normal;font-weight:700\">CONTACTA<br><\/p>\n<\/div>\n\n\n\n<div class=\"wp-block-contact-form-7-contact-form-selector\">\n<div class=\"wpcf7 no-js\" id=\"wpcf7-f257-o1\" lang=\"es-ES\" dir=\"ltr\" data-wpcf7-id=\"257\">\n<div class=\"screen-reader-response\"><p role=\"status\" aria-live=\"polite\" aria-atomic=\"true\"><\/p> <ul><\/ul><\/div>\n<form action=\"\/ca\/wp-json\/wp\/v2\/pages\/4931#wpcf7-f257-o1\" method=\"post\" class=\"wpcf7-form init\" aria-label=\"Contact form\" enctype=\"multipart\/form-data\" novalidate=\"novalidate\" data-status=\"init\">\n<fieldset class=\"hidden-fields-container\"><input type=\"hidden\" name=\"_wpcf7\" value=\"257\" \/><input type=\"hidden\" name=\"_wpcf7_version\" value=\"6.1.5\" \/><input type=\"hidden\" name=\"_wpcf7_locale\" value=\"es_ES\" \/><input type=\"hidden\" name=\"_wpcf7_unit_tag\" value=\"wpcf7-f257-o1\" \/><input type=\"hidden\" name=\"_wpcf7_container_post\" value=\"0\" \/><input type=\"hidden\" name=\"_wpcf7_posted_data_hash\" value=\"\" \/><input type=\"hidden\" name=\"_wpcf7_recaptcha_response\" value=\"\" \/>\n<\/fieldset>\n<div class=\"form-group\">\n\t<p><span class=\"wpcf7-form-control-wrap\" data-name=\"nom\"><input size=\"40\" maxlength=\"400\" class=\"wpcf7-form-control wpcf7-text wpcf7-validates-as-required\" aria-required=\"true\" aria-invalid=\"false\" placeholder=\"Nom *\" value=\"\" type=\"text\" name=\"nom\" \/><\/span>\n\t<\/p>\n<\/div>\n<div class=\"form-group\">\n\t<p><span class=\"wpcf7-form-control-wrap\" data-name=\"cognoms\"><input size=\"40\" maxlength=\"400\" class=\"wpcf7-form-control wpcf7-text wpcf7-validates-as-required\" aria-required=\"true\" aria-invalid=\"false\" placeholder=\"Cognoms *\" value=\"\" type=\"text\" name=\"cognoms\" \/><\/span>\n\t<\/p>\n<\/div>\n<div class=\"form-group\">\n\t<p><span class=\"wpcf7-form-control-wrap\" data-name=\"email\"><input size=\"40\" maxlength=\"400\" class=\"wpcf7-form-control wpcf7-email wpcf7-validates-as-required wpcf7-text wpcf7-validates-as-email\" aria-required=\"true\" aria-invalid=\"false\" placeholder=\"Correu electr\u00f2nic *\" value=\"\" type=\"email\" name=\"email\" \/><\/span>\n\t<\/p>\n<\/div>\n<div class=\"form-group\">\n\t<p><span class=\"wpcf7-form-control-wrap\" data-name=\"telefon\"><input size=\"40\" maxlength=\"400\" class=\"wpcf7-form-control wpcf7-text\" aria-invalid=\"false\" placeholder=\"Tel\u00e8fon\" value=\"\" type=\"text\" name=\"telefon\" \/><\/span>\n\t<\/p>\n<\/div>\n<div class=\"form-group\">\n\t<p><span class=\"wpcf7-form-control-wrap\" data-name=\"assumpte\"><input size=\"40\" maxlength=\"400\" class=\"wpcf7-form-control wpcf7-text\" aria-invalid=\"false\" placeholder=\"Assumpte\" value=\"\" type=\"text\" name=\"assumpte\" \/><\/span>\n\t<\/p>\n<\/div>\n<div class=\"form-group\">\n\t<p><span class=\"wpcf7-form-control-wrap\" data-name=\"missatge\"><textarea cols=\"40\" rows=\"10\" maxlength=\"2000\" class=\"wpcf7-form-control wpcf7-textarea\" aria-invalid=\"false\" placeholder=\"Missatge\" name=\"missatge\"><\/textarea><\/span>\n\t<\/p>\n<\/div>\n<div class=\"form-group\">\n\t<p><label>ADJUNTAR BRIEFING \/ CV<\/label><span class=\"wpcf7-form-control-wrap\" data-name=\"cv\"><input size=\"40\" class=\"wpcf7-form-control wpcf7-file\" accept=\".pdf,.txt\" aria-invalid=\"false\" type=\"file\" name=\"cv\" \/><\/span>\n\t<\/p>\n<\/div>\n<div class=\"form-group\">\n\t<p><label><span class=\"wpcf7-form-control-wrap\" data-name=\"acceptance-421\"><span class=\"wpcf7-form-control wpcf7-acceptance\"><span class=\"wpcf7-list-item\"><input type=\"checkbox\" name=\"acceptance-421\" value=\"1\" aria-invalid=\"false\" \/><\/span><\/span><\/span> He llegit i accepto la <a href=\"\/politica-de-privacitat\" target=\"_blank\">pol\u00edtica de privacitat<\/a><\/label>\n\t<\/p>\n<\/div>\n<p class=\"texto-legal\">COMUNICACI\u00d3N LA MAGNETICA SL tractar\u00e0 les meves dades personals amb la finalitat de processar la meva sol\u00b7licitud i enviar-me comunicacions (incloent mitjans electr\u00f2nics) sobre les seves activitats, aix\u00ed com per complir les seves obligacions legal. La <a href=\"\/politica-de-privacitat\/\" target=\"_blank\">Pol\u00edtica de Privacitat i Protecci\u00f3 de Dades<\/a> indica com puc exercir els meus drets d\u2019acc\u00e9s, rectificaci\u00f3, supressi\u00f3, limitaci\u00f3 i oposici\u00f3.\n<\/p>\n<div class=\"form-actions\">\n\t<p><input class=\"wpcf7-form-control wpcf7-submit has-spinner\" type=\"submit\" value=\"Enviar\" \/>\n\t<\/p>\n<\/div><p style=\"display: none !important;\" class=\"akismet-fields-container\" data-prefix=\"_wpcf7_ak_\"><label>&#916;<textarea name=\"_wpcf7_ak_hp_textarea\" cols=\"45\" rows=\"8\" maxlength=\"100\"><\/textarea><\/label><input type=\"hidden\" id=\"ak_js_1\" name=\"_wpcf7_ak_js\" value=\"54\"\/><script>document.getElementById( \"ak_js_1\" ).setAttribute( \"value\", ( new Date() ).getTime() );<\/script><\/p><div class=\"wpcf7-response-output\" aria-hidden=\"true\"><\/div>\n<\/form>\n<\/div>\n<\/div>\n<\/div>\n\n\n\n<div class=\"wp-block-column is-layout-flow wp-block-column-is-layout-flow\" style=\"flex-basis:33.33%\">\n<figure class=\"wp-block-image size-full foto-form\"><img loading=\"lazy\" decoding=\"async\" width=\"539\" height=\"500\" src=\"https:\/\/www.lamagnetica.com\/wp-content\/uploads\/2023\/11\/LM-4.png\" alt=\"\" class=\"wp-image-4641\" srcset=\"https:\/\/www.lamagnetica.com\/wp-content\/uploads\/2023\/11\/LM-4.png 539w, https:\/\/www.lamagnetica.com\/wp-content\/uploads\/2023\/11\/LM-4-300x278.png 300w\" sizes=\"auto, (max-width: 539px) 100vw, 539px\" \/><\/figure>\n<\/div>\n<\/div>\n<\/div>\n","protected":false},"excerpt":{"rendered":"<p>treballa amb nosaltres Vols treballar amb nosaltres? A LaMagn\u00e9tica ens agrada el talent. Si vols formar part del nostre equip pots contactar amb nosaltres a trav\u00e9s del nostre formulari. Explica\u2019ns a qu\u00e8 et dediques i en quin moment professional est\u00e0s. Estarem encantats de con\u00e8ixer-te. Beneficis Remuneraci\u00f3 Desenvolupament professional Conciliaci\u00f3 Busquem talent Volem comptar amb tu&#8230;  <a class=\"excerpt-read-more\" href=\"https:\/\/www.lamagnetica.com\/ca\/treballa-amb-nosaltres\/\" title=\"Read Treballa amb nosaltres\">Read more &raquo;<\/a><\/p>\n","protected":false},"author":1,"featured_media":0,"parent":0,"menu_order":0,"comment_status":"closed","ping_status":"closed","template":"page-trabaja.php","meta":{"_acf_changed":false,"footnotes":""},"class_list":["post-4931","page","type-page","status-publish","hentry"],"acf":[],"_links":{"self":[{"href":"https:\/\/www.lamagnetica.com\/ca\/wp-json\/wp\/v2\/pages\/4931","targetHints":{"allow":["GET"]}}],"collection":[{"href":"https:\/\/www.lamagnetica.com\/ca\/wp-json\/wp\/v2\/pages"}],"about":[{"href":"https:\/\/www.lamagnetica.com\/ca\/wp-json\/wp\/v2\/types\/page"}],"author":[{"embeddable":true,"href":"https:\/\/www.lamagnetica.com\/ca\/wp-json\/wp\/v2\/users\/1"}],"replies":[{"embeddable":true,"href":"https:\/\/www.lamagnetica.com\/ca\/wp-json\/wp\/v2\/comments?post=4931"}],"version-history":[{"count":5,"href":"https:\/\/www.lamagnetica.com\/ca\/wp-json\/wp\/v2\/pages\/4931\/revisions"}],"predecessor-version":[{"id":5355,"href":"https:\/\/www.lamagnetica.com\/ca\/wp-json\/wp\/v2\/pages\/4931\/revisions\/5355"}],"wp:attachment":[{"href":"https:\/\/www.lamagnetica.com\/ca\/wp-json\/wp\/v2\/media?parent=4931"}],"curies":[{"name":"wp","href":"https:\/\/api.w.org\/{rel}","templated":true}]}}